{"id":269,"date":"2015-02-14T18:56:05","date_gmt":"2015-02-14T16:56:05","guid":{"rendered":"http:\/\/sacredcircles.love\/tantra-massage-and-sacred-sexuality-2\/"},"modified":"2025-06-02T11:33:34","modified_gmt":"2025-06-02T08:33:34","slug":"fi","status":"publish","type":"page","link":"https:\/\/sacredcircles.love\/fi\/","title":{"rendered":"Tantra Helsinki. Tantrahieronta &#038; Shamanistinen hoitaminen"},"content":{"rendered":"<p>[et_pb_section fb_built=&#8221;1&#8243; fullwidth=&#8221;on&#8221; admin_label=&#8221;section&#8221; _builder_version=&#8221;4.16&#8243; global_colors_info=&#8221;{}&#8221;][et_pb_fullwidth_slider admin_label=&#8221;finska_slider&#8221; _builder_version=&#8221;4.27.4&#8243; header_font=&#8221;||||||||&#8221; background_position=&#8221;top_left&#8221; max_width=&#8221;100%&#8221; custom_padding=&#8221;|||&#8221; custom_padding_tablet=&#8221;|||&#8221; custom_padding_phone=&#8221;|||&#8221; animation_style=&#8221;fade&#8221; auto=&#8221;on&#8221; auto_speed=&#8221;10000&#8243; hover_enabled=&#8221;0&#8243; remove_inner_shadow=&#8221;off&#8221; hide_content_on_mobile=&#8221;off&#8221; hide_cta_on_mobile=&#8221;off&#8221; show_inner_shadow=&#8221;on&#8221; button_letter_spacing_hover=&#8221;0&#8243; global_module=&#8221;1546&#8243; saved_tabs=&#8221;all&#8221; global_colors_info=&#8221;{}&#8221; button_text_size__hover_enabled=&#8221;off&#8221; button_text_size__hover=&#8221;null&#8221; button_one_text_size__hover_enabled=&#8221;off&#8221; button_one_text_size__hover=&#8221;null&#8221; button_two_text_size__hover_enabled=&#8221;off&#8221; button_two_text_size__hover=&#8221;null&#8221; button_text_color__hover_enabled=&#8221;off&#8221; button_text_color__hover=&#8221;null&#8221; button_one_text_color__hover_enabled=&#8221;off&#8221; button_one_text_color__hover=&#8221;null&#8221; button_two_text_color__hover_enabled=&#8221;off&#8221; button_two_text_color__hover=&#8221;null&#8221; button_border_width__hover_enabled=&#8221;off&#8221; button_border_width__hover=&#8221;null&#8221; button_one_border_width__hover_enabled=&#8221;off&#8221; button_one_border_width__hover=&#8221;null&#8221; button_two_border_width__hover_enabled=&#8221;off&#8221; button_two_border_width__hover=&#8221;null&#8221; button_border_color__hover_enabled=&#8221;off&#8221; button_border_color__hover=&#8221;null&#8221; button_one_border_color__hover_enabled=&#8221;off&#8221; button_one_border_color__hover=&#8221;null&#8221; button_two_border_color__hover_enabled=&#8221;off&#8221; button_two_border_color__hover=&#8221;null&#8221; button_border_radius__hover_enabled=&#8221;off&#8221; button_border_radius__hover=&#8221;null&#8221; button_one_border_radius__hover_enabled=&#8221;off&#8221; button_one_border_radius__hover=&#8221;null&#8221; button_two_border_radius__hover_enabled=&#8221;off&#8221; button_two_border_radius__hover=&#8221;null&#8221; button_letter_spacing__hover_enabled=&#8221;off&#8221; button_letter_spacing__hover=&#8221;null&#8221; button_one_letter_spacing__hover_enabled=&#8221;off&#8221; button_one_letter_spacing__hover=&#8221;null&#8221; button_two_letter_spacing__hover_enabled=&#8221;off&#8221; button_two_letter_spacing__hover=&#8221;null&#8221; button_bg_color__hover_enabled=&#8221;off&#8221; button_bg_color__hover=&#8221;null&#8221; button_one_bg_color__hover_enabled=&#8221;off&#8221; button_one_bg_color__hover=&#8221;null&#8221; button_two_bg_color__hover_enabled=&#8221;off&#8221; button_two_bg_color__hover=&#8221;null&#8221; sticky_enabled=&#8221;0&#8243;][et_pb_slide heading=&#8221;Spirit of Tantra Massage&#8221; button_text=&#8221;VARAA NYT&#8221; button_link=&#8221;http:\/\/sacredcircles.love\/fi\/yhteystiedot&#8221; use_bg_overlay=&#8221;off&#8221; use_text_overlay=&#8221;off&#8221; _builder_version=&#8221;4.27.4&#8243; header_font=&#8221;||||&#8221; body_font=&#8221;||||&#8221; background_color=&#8221;#ffffff&#8221; background_image=&#8221;http:\/\/sacredcircles.love\/wp-content\/uploads\/2015\/02\/sessions.jpg&#8221; background_position=&#8221;center_right&#8221; button_on_hover=&#8221;on&#8221; hover_enabled=&#8221;0&#8243; global_colors_info=&#8221;{}&#8221; sticky_transition=&#8221;on&#8221; sticky_enabled=&#8221;0&#8243;]<\/p>\n<p>\u2022 HELSINKI 3-6.6, 9-12.6, 17-19.6, 23-28.6<br \/>\u2022 STOCKHOLM<br \/>\u2022 OSLO<\/p>\n<p><strong>The Dragon Temple in Fagervik &#8211; Kaikki p\u00e4iv\u00e4t<br \/><\/strong><\/p>\n<p>[\/et_pb_slide][et_pb_slide heading=&#8221;School of Embodied Wisdom&#8221; button_text=&#8221;LIS\u00c4\u00c4 INFOA&#8221; button_link=&#8221;https:\/\/www.embodiedwisdom.love\/events-workshops\/&#8221; url_new_window=&#8221;on&#8221; image=&#8221;https:\/\/sacredcircles.love\/wp-content\/uploads\/2022\/05\/sewlogo.png&#8221; use_bg_overlay=&#8221;off&#8221; use_text_overlay=&#8221;off&#8221; _builder_version=&#8221;4.27.4&#8243; header_font=&#8221;||||&#8221; body_font=&#8221;||||&#8221; background_color=&#8221;#ffffff&#8221; background_image=&#8221;http:\/\/sacredcircles.love\/wp-content\/uploads\/2015\/02\/slider_bg.jpg&#8221; background_position=&#8221;top_left&#8221; button_icon_placement=&#8221;right&#8221; button_on_hover=&#8221;on&#8221; link_option_url=&#8221;https:\/\/www.embodiedwisdom.love\/events-workshops\/&#8221; link_option_url_new_window=&#8221;on&#8221; hover_enabled=&#8221;0&#8243; global_colors_info=&#8221;{}&#8221; sticky_transition=&#8221;on&#8221; sticky_enabled=&#8221;0&#8243;][\/et_pb_slide][et_pb_slide heading=&#8221;The Dragon Temple on nyt avoin sessioiden pit\u00e4miseen!&#8221; button_text=&#8221;VARAA NYT&#8221; button_link=&#8221;https:\/\/sacredcircles.love\/fi\/yhteystiedot\/&#8221; use_bg_overlay=&#8221;off&#8221; use_text_overlay=&#8221;off&#8221; _builder_version=&#8221;4.27.3&#8243; background_image=&#8221;https:\/\/sacredcircles.love\/wp-content\/uploads\/2021\/01\/petra_massage.jpg&#8221; background_enable_image=&#8221;on&#8221; background_position=&#8221;center_right&#8221; custom_button=&#8221;on&#8221; button_bg_color=&#8221;rgba(112,65,0,0.39)&#8221; button_use_icon=&#8221;on&#8221; button_on_hover=&#8221;on&#8221; header_text_shadow_style=&#8221;preset3&#8243; header_text_shadow_horizontal_length=&#8221;0.06em&#8221; header_text_shadow_vertical_length=&#8221;0.03em&#8221; header_text_shadow_blur_strength=&#8221;0.02em&#8221; header_text_shadow_color=&#8221;rgba(0,0,0,0.54)&#8221; global_colors_info=&#8221;{}&#8221; sticky_transition=&#8221;on&#8221;][\/et_pb_slide][\/et_pb_fullwidth_slider][\/et_pb_section][et_pb_section fb_built=&#8221;1&#8243; admin_label=&#8221;section&#8221; module_id=&#8221;newsletter&#8221; _builder_version=&#8221;4.16&#8243; background_color=&#8221;#f2ca9d&#8221; transparent_background=&#8221;off&#8221; global_colors_info=&#8221;{}&#8221;][et_pb_row column_structure=&#8221;1_3,1_3,1_3&#8243; admin_label=&#8221;row&#8221; _builder_version=&#8221;4.16&#8243; background_size=&#8221;initial&#8221; background_position=&#8221;top_left&#8221; background_repeat=&#8221;repeat&#8221; global_colors_info=&#8221;{}&#8221;][et_pb_column type=&#8221;1_3&#8243; _builder_version=&#8221;4.16&#8243; custom_padding=&#8221;|||&#8221; global_colors_info=&#8221;{}&#8221; custom_padding__hover=&#8221;|||&#8221;][et_pb_text admin_label=&#8221;Tantra hieronta, pyh\u00e4 seksuaalisuus &#038; shamanistinen hoitaminen&#8221; _builder_version=&#8221;4.16&#8243; background_size=&#8221;initial&#8221; background_position=&#8221;top_left&#8221; background_repeat=&#8221;repeat&#8221; use_border_color=&#8221;off&#8221; border_color=&#8221;#ffffff&#8221; border_style=&#8221;solid&#8221; global_colors_info=&#8221;{}&#8221;]<\/p>\n<h2>Tantra Helsinki, Tantrahieronta, pyh\u00e4 seksuaalisuus &amp; Shamanistinen hoitaminen<\/h2>\n<p>Haluan avata sinulle p\u00e4\u00e4syn oman sis\u00e4isen viisautesi l\u00e4hteelle; pyhyyteen ja tarjota sinulle ty\u00f6kaluja avuksi. Haluan auttaa sinua avamaan syd\u00e4mesi, jotta voisit kokea enemm\u00e4n rakkautta el\u00e4m\u00e4ss\u00e4si.<\/p>\n<p><em><strong>&#8221;Avaa enemm\u00e4n tilaa seksuaalisuudelle ja henkisyydelle.<\/strong><\/em> <em><strong>Kuinka voit ilment\u00e4\u00e4 henkisyytt\u00e4 jokap\u00e4iv\u00e4isess\u00e4 el\u00e4m\u00e4ss\u00e4si? Miten luodaan sis\u00e4inen tasapaino feminiinisten ja maskuliinisten voimien v\u00e4lille, joiden ikuinen tanssi luo el\u00e4m\u00e4\u00e4? Miten muistan kuka olen? <\/strong><\/em><\/p>\n<p><em><strong>Miten saan yhteyden elinvoimaani?<\/strong><\/em> <em><strong>Huolehdi itsest\u00e4si niin, ett\u00e4 voit samanaikaisesti olla sek\u00e4 joustava, luova ja rakastava ett\u00e4 seksuaalinen ja henkinen olento.<\/strong><\/em> <em><strong>Salli seksuaalisuuden olla parantava voima el\u00e4m\u00e4ss\u00e4si, joka antaa sinulle voimaa ilment\u00e4\u00e4 sit\u00e4 el\u00e4m\u00e4\u00e4 ja maailmaa, jossa haluat el\u00e4\u00e4 \u2013 rakkaudent\u00e4yteist\u00e4 el\u00e4m\u00e4\u00e4! &#8221;<\/strong><\/em><\/p>\n<p>Tarjoan <a href=\"http:\/\/sacredcircles.love\/fi\/tantra-hieronta-helsinki\/\">tantra hieronta Helsink<\/a>i, Tukholmassa ja Oslossa. <a href=\"http:\/\/sacredcircles.love\/sexsibility-whole-body-massage-training-finland-start-2017\/\">Tantra hieronta-koulutusta<\/a>, <a href=\"http:\/\/sacredcircles.love\/fi\/tantra-hieronta-helsinki\/#shamanistinen-hoitosessio\">shamanistista hoitoa<\/a>, seremonioita ja rituaaleja, rumpumatkoja, <a href=\"http:\/\/sacredcircles.love\/fi\/tantra-hieronta-helsinki\/#sexsibilityvalmennusta\">Sexsibility-valmennusta<\/a>, hengityst\u00e4, tanssia ja leikki\u00e4 sek\u00e4 pyhi\u00e4 piirej\u00e4. Ty\u00f6skentelen niin yksil\u00f6iden kuin <a href=\"http:\/\/sacredcircles.love\/fi\/tantrisia-shamanistisia-tapahtumia\/\">ryhmienkin kanssa<\/a>.<br \/>\n[\/et_pb_text][\/et_pb_column][et_pb_column type=&#8221;1_3&#8243; _builder_version=&#8221;4.16&#8243; custom_padding=&#8221;|||&#8221; global_colors_info=&#8221;{}&#8221; custom_padding__hover=&#8221;|||&#8221;][et_pb_image src=&#8221;http:\/\/sacredcircles.love\/wp-content\/uploads\/2015\/02\/tantrahierontaa.png&#8221; alt=&#8221;Tantra Helsinki, Tantrahieronta &#038; shamanistinen hoitaminen&#8221; title_text=&#8221;Tantra Helsinki, Tantrahieronta &#038; shamanistinen hoitaminen&#8221; show_in_lightbox=&#8221;on&#8221; align_tablet=&#8221;center&#8221; align_phone=&#8221;&#8221; align_last_edited=&#8221;on|desktop&#8221; admin_label=&#8221;Image&#8221; _builder_version=&#8221;4.16&#8243; animation_style=&#8221;slide&#8221; animation_direction=&#8221;top&#8221; animation_duration=&#8221;500ms&#8221; animation_intensity_slide=&#8221;10%&#8221; use_border_color=&#8221;off&#8221; border_color=&#8221;#ffffff&#8221; border_style=&#8221;solid&#8221; animation=&#8221;top&#8221; sticky=&#8221;off&#8221; global_colors_info=&#8221;{}&#8221;][\/et_pb_image][\/et_pb_column][et_pb_column type=&#8221;1_3&#8243; _builder_version=&#8221;4.16&#8243; custom_padding=&#8221;|||&#8221; global_colors_info=&#8221;{}&#8221; custom_padding__hover=&#8221;|||&#8221;][et_pb_text admin_label=&#8221;Text&#8221; module_class=&#8221; &#8221; _builder_version=&#8221;4.16&#8243; background_size=&#8221;initial&#8221; background_position=&#8221;top_left&#8221; background_repeat=&#8221;repeat&#8221; use_border_color=&#8221;off&#8221; border_color=&#8221;#ffffff&#8221; border_style=&#8221;solid&#8221; global_colors_info=&#8221;{}&#8221;]<\/p>\n<h2>VARAA NYT!<\/h2>\n<p>Soita minulle <strong>+358505910041<\/strong> tai l\u00e4het\u00e4 <strong>s\u00e4hk\u00f6postia alla olevasta linkist\u00e4!<\/strong> [\/et_pb_text][et_pb_contact_form captcha=&#8221;off&#8221; email=&#8221;petra@heartpeople.net&#8221; admin_label=&#8221;Contact Form&#8221; _builder_version=&#8221;4.16&#8243; _unique_id=&#8221;54f32f91-10ef-4359-a043-ca59c52b98fb&#8221; use_border_color=&#8221;off&#8221; border_color=&#8221;#ffffff&#8221; border_style=&#8221;solid&#8221; global_colors_info=&#8221;{}&#8221;][et_pb_contact_field field_id=&#8221;Name&#8221; field_title=&#8221;Nimi&#8221; _builder_version=&#8221;4.16&#8243; global_colors_info=&#8221;{}&#8221; button_text_size__hover_enabled=&#8221;off&#8221; button_one_text_size__hover_enabled=&#8221;off&#8221; button_two_text_size__hover_enabled=&#8221;off&#8221; button_text_color__hover_enabled=&#8221;off&#8221; button_one_text_color__hover_enabled=&#8221;off&#8221; button_two_text_color__hover_enabled=&#8221;off&#8221; button_border_width__hover_enabled=&#8221;off&#8221; button_one_border_width__hover_enabled=&#8221;off&#8221; button_two_border_width__hover_enabled=&#8221;off&#8221; button_border_color__hover_enabled=&#8221;off&#8221; button_one_border_color__hover_enabled=&#8221;off&#8221; button_two_border_color__hover_enabled=&#8221;off&#8221; button_border_radius__hover_enabled=&#8221;off&#8221; button_one_border_radius__hover_enabled=&#8221;off&#8221; button_two_border_radius__hover_enabled=&#8221;off&#8221; button_letter_spacing__hover_enabled=&#8221;off&#8221; button_one_letter_spacing__hover_enabled=&#8221;off&#8221; button_two_letter_spacing__hover_enabled=&#8221;off&#8221; button_bg_color__hover_enabled=&#8221;off&#8221; button_one_bg_color__hover_enabled=&#8221;off&#8221; button_two_bg_color__hover_enabled=&#8221;off&#8221;][\/et_pb_contact_field][et_pb_contact_field field_id=&#8221;Email&#8221; field_title=&#8221;S\u00e4hk\u00f6postiosoite&#8221; field_type=&#8221;email&#8221; _builder_version=&#8221;4.16&#8243; global_colors_info=&#8221;{}&#8221; button_text_size__hover_enabled=&#8221;off&#8221; button_one_text_size__hover_enabled=&#8221;off&#8221; button_two_text_size__hover_enabled=&#8221;off&#8221; button_text_color__hover_enabled=&#8221;off&#8221; button_one_text_color__hover_enabled=&#8221;off&#8221; button_two_text_color__hover_enabled=&#8221;off&#8221; button_border_width__hover_enabled=&#8221;off&#8221; button_one_border_width__hover_enabled=&#8221;off&#8221; button_two_border_width__hover_enabled=&#8221;off&#8221; button_border_color__hover_enabled=&#8221;off&#8221; button_one_border_color__hover_enabled=&#8221;off&#8221; button_two_border_color__hover_enabled=&#8221;off&#8221; button_border_radius__hover_enabled=&#8221;off&#8221; button_one_border_radius__hover_enabled=&#8221;off&#8221; button_two_border_radius__hover_enabled=&#8221;off&#8221; button_letter_spacing__hover_enabled=&#8221;off&#8221; button_one_letter_spacing__hover_enabled=&#8221;off&#8221; button_two_letter_spacing__hover_enabled=&#8221;off&#8221; button_bg_color__hover_enabled=&#8221;off&#8221; button_one_bg_color__hover_enabled=&#8221;off&#8221; button_two_bg_color__hover_enabled=&#8221;off&#8221;][\/et_pb_contact_field][et_pb_contact_field field_id=&#8221;Message&#8221; field_title=&#8221;S\u00e4hk\u00f6postiviesti&#8221; field_type=&#8221;text&#8221; fullwidth_field=&#8221;on&#8221; _builder_version=&#8221;4.16&#8243; global_colors_info=&#8221;{}&#8221; button_text_size__hover_enabled=&#8221;off&#8221; button_one_text_size__hover_enabled=&#8221;off&#8221; button_two_text_size__hover_enabled=&#8221;off&#8221; button_text_color__hover_enabled=&#8221;off&#8221; button_one_text_color__hover_enabled=&#8221;off&#8221; button_two_text_color__hover_enabled=&#8221;off&#8221; button_border_width__hover_enabled=&#8221;off&#8221; button_one_border_width__hover_enabled=&#8221;off&#8221; button_two_border_width__hover_enabled=&#8221;off&#8221; button_border_color__hover_enabled=&#8221;off&#8221; button_one_border_color__hover_enabled=&#8221;off&#8221; button_two_border_color__hover_enabled=&#8221;off&#8221; button_border_radius__hover_enabled=&#8221;off&#8221; button_one_border_radius__hover_enabled=&#8221;off&#8221; button_two_border_radius__hover_enabled=&#8221;off&#8221; button_letter_spacing__hover_enabled=&#8221;off&#8221; button_one_letter_spacing__hover_enabled=&#8221;off&#8221; button_two_letter_spacing__hover_enabled=&#8221;off&#8221; button_bg_color__hover_enabled=&#8221;off&#8221; button_one_bg_color__hover_enabled=&#8221;off&#8221; button_two_bg_color__hover_enabled=&#8221;off&#8221;][\/et_pb_contact_field][\/et_pb_contact_form][\/et_pb_column][\/et_pb_row][\/et_pb_section]<\/p>\n","protected":false},"excerpt":{"rendered":"<p>\u2022 HELSINKI 3-6.6, 9-12.6, 17-19.6, 23-28.6\u2022 STOCKHOLM\u2022 OSLO The Dragon Temple in Fagervik &#8211; Kaikki p\u00e4iv\u00e4tTantra Helsinki, Tantrahieronta, pyh\u00e4 seksuaalisuus &amp; Shamanistinen hoitaminen Haluan avata sinulle p\u00e4\u00e4syn oman sis\u00e4isen viisautesi l\u00e4hteelle; pyhyyteen ja tarjota sinulle ty\u00f6kaluja avuksi. Haluan auttaa sinua avamaan syd\u00e4mesi, jotta voisit kokea enemm\u00e4n rakkautta el\u00e4m\u00e4ss\u00e4si. &#8221;Avaa enemm\u00e4n tilaa seksuaalisuudelle ja henkisyydelle. Kuinka [&hellip;]<\/p>\n","protected":false},"author":1,"featured_media":0,"parent":0,"menu_order":0,"comment_status":"closed","ping_status":"closed","template":"","meta":{"_et_pb_use_builder":"on","_et_pb_old_content":"","_et_gb_content_width":"","footnotes":""},"yst_prominent_words":[208,215,214,75,210,212,216,209,217,218,211,205,207,70,149,219,213,206],"class_list":["post-269","page","type-page","status-publish","hentry"],"_links":{"self":[{"href":"https:\/\/sacredcircles.love\/fi\/wp-json\/wp\/v2\/pages\/269","targetHints":{"allow":["GET"]}}],"collection":[{"href":"https:\/\/sacredcircles.love\/fi\/wp-json\/wp\/v2\/pages"}],"about":[{"href":"https:\/\/sacredcircles.love\/fi\/wp-json\/wp\/v2\/types\/page"}],"author":[{"embeddable":true,"href":"https:\/\/sacredcircles.love\/fi\/wp-json\/wp\/v2\/users\/1"}],"replies":[{"embeddable":true,"href":"https:\/\/sacredcircles.love\/fi\/wp-json\/wp\/v2\/comments?post=269"}],"version-history":[{"count":33,"href":"https:\/\/sacredcircles.love\/fi\/wp-json\/wp\/v2\/pages\/269\/revisions"}],"predecessor-version":[{"id":5005,"href":"https:\/\/sacredcircles.love\/fi\/wp-json\/wp\/v2\/pages\/269\/revisions\/5005"}],"wp:attachment":[{"href":"https:\/\/sacredcircles.love\/fi\/wp-json\/wp\/v2\/media?parent=269"}],"wp:term":[{"taxonomy":"yst_prominent_words","embeddable":true,"href":"https:\/\/sacredcircles.love\/fi\/wp-json\/wp\/v2\/yst_prominent_words?post=269"}],"curies":[{"name":"wp","href":"https:\/\/api.w.org\/{rel}","templated":true}]}}