{"id":312,"date":"2015-07-16T18:27:12","date_gmt":"2015-07-16T15:27:12","guid":{"rendered":"http:\/\/sacredcircles.love\/tantricevents-2\/"},"modified":"2016-04-08T09:08:50","modified_gmt":"2016-04-08T06:08:50","slug":"tantrisia-shamanistisia-tapahtumia","status":"publish","type":"page","link":"https:\/\/sacredcircles.love\/fi\/tantrisia-shamanistisia-tapahtumia\/","title":{"rendered":"Tantrisia &#038; Shamanistisia tapahtumia"},"content":{"rendered":"<p>[et_pb_section admin_label=&#8221;section&#8221; fullwidth=&#8221;off&#8221; specialty=&#8221;off&#8221; transparent_background=&#8221;off&#8221; background_color=&#8221;#000000&#8243; allow_player_pause=&#8221;off&#8221; inner_shadow=&#8221;off&#8221; parallax=&#8221;off&#8221; parallax_method=&#8221;off&#8221; module_id=&#8221;tantricevents&#8221;][et_pb_row admin_label=&#8221;row&#8221;][et_pb_column type=&#8221;4_4&#8243;][et_pb_text admin_label=&#8221;Tantrisia &amp; Shamanistisia tapahtumia&#8221; background_layout=&#8221;dark&#8221; text_orientation=&#8221;left&#8221; text_font_size=&#8221;14&#8243; use_border_color=&#8221;off&#8221; border_color=&#8221;#ffffff&#8221; border_style=&#8221;solid&#8221;]<\/p>\n<h1>Tantrisia &amp; Shamanistisia tapahtumia<\/h1>\n<p>Tapahtumamme on luotu auttamaan sinua olemaan enemm\u00e4n yhteydess\u00e4 itseesi, ja voidaksesi paremmin omaksua haasteet ja mahdollisuudet joita el\u00e4m\u00e4 sinulle tarjoaa. Jos tunnet kutsun is\u00e4nn\u00f6id\u00e4\/em\u00e4nn\u00f6id\u00e4 tapahtumaa, ota yhteytt\u00e4 Petraan! H\u00e4n voi suunnitella tapahtuman tarpeidesi mukaan. Jotkut n\u00e4ist\u00e4 tapahtumista ovat my\u00f6s sopivia olohuoneeseesi!<\/p>\n<p>[\/et_pb_text][\/et_pb_column][\/et_pb_row][\/et_pb_section][et_pb_section admin_label=&#8221;section&#8221; fullwidth=&#8221;off&#8221; specialty=&#8221;off&#8221; transparent_background=&#8221;off&#8221; background_color=&#8221;#000000&#8243; allow_player_pause=&#8221;off&#8221; inner_shadow=&#8221;off&#8221; parallax=&#8221;off&#8221; parallax_method=&#8221;off&#8221; module_id=&#8221;tantrahieronta-pariskunnille&#8221; padding_mobile=&#8221;off&#8221; make_fullwidth=&#8221;off&#8221; use_custom_width=&#8221;off&#8221; width_unit=&#8221;on&#8221; make_equal=&#8221;off&#8221; use_custom_gutter=&#8221;off&#8221; gutter_width=&#8221;3&#8243;][et_pb_row admin_label=&#8221;row&#8221;][et_pb_column type=&#8221;1_3&#8243;][et_pb_image admin_label=&#8221;Image&#8221; src=&#8221;http:\/\/sacredcircles.love\/wp-content\/uploads\/2015\/07\/tantraterrace.jpg&#8221; show_in_lightbox=&#8221;on&#8221; url_new_window=&#8221;off&#8221; animation=&#8221;left&#8221; sticky=&#8221;off&#8221; alt=&#8221;Tantrahieronta-tapahtuma pariskunnille&#8221; title_text=&#8221;Tantra massage workshop for couples&#8221; align=&#8221;left&#8221; force_fullwidth=&#8221;off&#8221; always_center_on_mobile=&#8221;on&#8221; use_border_color=&#8221;off&#8221; border_color=&#8221;#ffffff&#8221; border_style=&#8221;solid&#8221;] [\/et_pb_image][\/et_pb_column][et_pb_column type=&#8221;2_3&#8243;][et_pb_text admin_label=&#8221;Tantrahieronta-tapahtuma pariskunnille&#8221; background_layout=&#8221;dark&#8221; text_orientation=&#8221;left&#8221; use_border_color=&#8221;off&#8221; border_color=&#8221;#ffffff&#8221; border_style=&#8221;solid&#8221; text_font_size=&#8221;14&#8243;]<\/p>\n<h2>Tantrahieronta-tapahtuma pariskunnille<\/h2>\n<p>Antakaa toisillenne tantrisen kosketuksen ja l\u00e4sn\u00e4olon lahja. Koko kehon tantrahieronta \u00f6ljyll\u00e4 teille molemmille.<\/p>\n<p>Tantrinen pari Petra &amp; Charlie luovat teille tilan, jossa syd\u00e4menne ja kehonne voivat sulaa. Tarjoamme teille ainutlaatuisen kokemuksen, jossa voitte syvent\u00e4\u00e4 ja ravita suhdettanne yhdess\u00e4. Petra opastaa teit\u00e4 syd\u00e4mellisesti vuosien hieronnan ja kehoty\u00f6skentelyn ammattilaisen kokemuksella matkalla nautintoon ja l\u00f6yt\u00e4m\u00e4\u00e4n uusia puolia kumppanisi jumalaisesta kehosta. H\u00e4n luo teille tilan, jossa voitte t\u00e4ysin antautua rakkaanne kosketukselle ja syv\u00e4lle rentoutumiselle.<\/p>\n<p>Charlie tuo mukaan ainutlaatuisen innostavaa musiikkia, tukien matkaanne soittaen ja laulaen. H\u00e4nen musiikkinsa syntyy hetkess\u00e4 ja h\u00e4n luo maagisen kent\u00e4n, joka resonoi syd\u00e4mess\u00e4.<\/p>\n<p>K\u00e4yt\u00e4nn\u00f6n tiedot: Tule rakkaan kumppanin kanssa tai tuo l\u00e4heinen yst\u00e4v\u00e4, jonka kanssa voit jakaa l\u00e4heisyytt\u00e4. Kesto: 3-4 tuntia. Jos haluat is\u00e4nn\u00f6id\u00e4\/em\u00e4nn\u00f6id\u00e4 tapahtuman, ota yhteytt\u00e4 Petraan.<\/p>\n<p><em><strong>&#8221;Kun olet yhteydess\u00e4 syd\u00e4meesi &#8211; kaikki tapahtuu vaivattomasti.&#8221;<\/strong><\/em><\/p>\n<p>[\/et_pb_text][\/et_pb_column][\/et_pb_row][\/et_pb_section][et_pb_section admin_label=&#8221;section&#8221; fullwidth=&#8221;off&#8221; specialty=&#8221;off&#8221; transparent_background=&#8221;off&#8221; background_color=&#8221;#000000&#8243; allow_player_pause=&#8221;off&#8221; inner_shadow=&#8221;off&#8221; parallax=&#8221;off&#8221; parallax_method=&#8221;off&#8221; module_id=&#8221;pyhat-ihmissuhteet-piiri&#8221; padding_mobile=&#8221;off&#8221; make_fullwidth=&#8221;off&#8221; use_custom_width=&#8221;off&#8221; width_unit=&#8221;on&#8221; make_equal=&#8221;off&#8221; use_custom_gutter=&#8221;off&#8221; gutter_width=&#8221;3&#8243;][et_pb_row admin_label=&#8221;row&#8221;][et_pb_column type=&#8221;2_3&#8243;][et_pb_text admin_label=&#8221;Pyh\u00e4t ihmissuhteet \u2013 piiri&#8221; background_layout=&#8221;dark&#8221; text_orientation=&#8221;left&#8221; use_border_color=&#8221;off&#8221; border_color=&#8221;#ffffff&#8221; border_style=&#8221;solid&#8221; text_font_size=&#8221;14&#8243;]<\/p>\n<h2>Pyh\u00e4t ihmissuhteet \u2013 piiri<\/h2>\n<p>We are all looking for nourishing meetings with other people &#8211; real meetings when we dare to go beyond the small talk of everyday life and share things that really matter to us. Everything in Life is a choice.<\/p>\n<p><strong><em>&#8221; With what do you\u00a0choose to fill your\u00a0Life? A partnership full of\u00a0power struggles or one that gives you the support needed to co-create the things you want in your lives? How do you attract the &#8221;right&#8221; kind of people to you, people that help you grow and with whom you can really enjoy your Life? &#8221;<\/em><\/strong><\/p>\n<p>We will begin with a shamanistic ceremony to create a sacred heart space of heightened awareness, then we move on to specific exercises designed to create a deeper connection between people. This all builds into a sharing circle where we talk about what sacred relationships means to you. A precious time to listen and be heard.<\/p>\n<p><strong>Practical info:<\/strong> This event is suitable for both singles and couples. Duration: 3-4 hours. If you would like to host this event <a title=\"Contact Petra\" href=\"http:\/\/sacredcircles.love\/#newsletter\">contact Petra<\/a>.<\/p>\n<p>&nbsp;<\/p>\n<p>[\/et_pb_text][\/et_pb_column][et_pb_column type=&#8221;1_3&#8243;][et_pb_image admin_label=&#8221;Image&#8221; src=&#8221;http:\/\/sacredcircles.love\/wp-content\/uploads\/2015\/02\/tantricceremony.jpg&#8221; show_in_lightbox=&#8221;on&#8221; url_new_window=&#8221;off&#8221; animation=&#8221;right&#8221; sticky=&#8221;off&#8221; alt=&#8221;Pyh\u00e4t ihmissuhteet \u2013 piiri&#8221; title_text=&#8221;Pyh\u00e4t ihmissuhteet \u2013 piiri&#8221; align=&#8221;left&#8221; force_fullwidth=&#8221;off&#8221; always_center_on_mobile=&#8221;on&#8221; use_border_color=&#8221;off&#8221; border_color=&#8221;#ffffff&#8221; border_style=&#8221;solid&#8221;] [\/et_pb_image][\/et_pb_column][\/et_pb_row][\/et_pb_section]<\/p>\n","protected":false},"excerpt":{"rendered":"<p>Tantrisia &amp; Shamanistisia tapahtumia Tapahtumamme on luotu auttamaan sinua olemaan enemm\u00e4n yhteydess\u00e4 itseesi, ja voidaksesi paremmin omaksua haasteet ja mahdollisuudet joita el\u00e4m\u00e4 sinulle tarjoaa. Jos tunnet kutsun is\u00e4nn\u00f6id\u00e4\/em\u00e4nn\u00f6id\u00e4 tapahtumaa, ota yhteytt\u00e4 Petraan! H\u00e4n voi suunnitella tapahtuman tarpeidesi mukaan. Jotkut n\u00e4ist\u00e4 tapahtumista ovat my\u00f6s sopivia olohuoneeseesi! Tantrahieronta-tapahtuma pariskunnille Antakaa toisillenne tantrisen kosketuksen ja l\u00e4sn\u00e4olon lahja. Koko [&hellip;]<\/p>\n","protected":false},"author":1,"featured_media":0,"parent":0,"menu_order":0,"comment_status":"open","ping_status":"open","template":"","meta":{"_et_pb_use_builder":"on","_et_pb_old_content":"","_et_gb_content_width":"","footnotes":""},"yst_prominent_words":[],"class_list":["post-312","page","type-page","status-publish","hentry"],"_links":{"self":[{"href":"https:\/\/sacredcircles.love\/fi\/wp-json\/wp\/v2\/pages\/312","targetHints":{"allow":["GET"]}}],"collection":[{"href":"https:\/\/sacredcircles.love\/fi\/wp-json\/wp\/v2\/pages"}],"about":[{"href":"https:\/\/sacredcircles.love\/fi\/wp-json\/wp\/v2\/types\/page"}],"author":[{"embeddable":true,"href":"https:\/\/sacredcircles.love\/fi\/wp-json\/wp\/v2\/users\/1"}],"replies":[{"embeddable":true,"href":"https:\/\/sacredcircles.love\/fi\/wp-json\/wp\/v2\/comments?post=312"}],"version-history":[{"count":12,"href":"https:\/\/sacredcircles.love\/fi\/wp-json\/wp\/v2\/pages\/312\/revisions"}],"predecessor-version":[{"id":1216,"href":"https:\/\/sacredcircles.love\/fi\/wp-json\/wp\/v2\/pages\/312\/revisions\/1216"}],"wp:attachment":[{"href":"https:\/\/sacredcircles.love\/fi\/wp-json\/wp\/v2\/media?parent=312"}],"wp:term":[{"taxonomy":"yst_prominent_words","embeddable":true,"href":"https:\/\/sacredcircles.love\/fi\/wp-json\/wp\/v2\/yst_prominent_words?post=312"}],"curies":[{"name":"wp","href":"https:\/\/api.w.org\/{rel}","templated":true}]}}