{"id":697,"date":"2015-07-16T18:27:12","date_gmt":"2015-07-16T15:27:12","guid":{"rendered":"http:\/\/sacredcircles.fi\/nb\/tantricevents\/"},"modified":"2016-04-08T09:13:11","modified_gmt":"2016-04-08T06:13:11","slug":"tantriske-sjamanistiske-arrangement","status":"publish","type":"page","link":"https:\/\/sacredcircles.love\/nb\/tantriske-sjamanistiske-arrangement\/","title":{"rendered":"Tantriske &#038; sjamanistiske arrangement"},"content":{"rendered":"<p>[et_pb_section admin_label=&raquo;section&raquo; fullwidth=&raquo;off&raquo; specialty=&raquo;off&raquo; transparent_background=&raquo;off&raquo; background_color=&raquo;#000000&#8243; allow_player_pause=&raquo;off&raquo; inner_shadow=&raquo;off&raquo; parallax=&raquo;off&raquo; parallax_method=&raquo;off&raquo; module_id=&raquo;tantricevents&raquo;][et_pb_row admin_label=&raquo;row&raquo;][et_pb_column type=&raquo;4_4&#8243;][et_pb_text admin_label=&raquo;Text&raquo; background_layout=&raquo;dark&raquo; text_orientation=&raquo;left&raquo; text_font_size=&raquo;14&#8243; use_border_color=&raquo;off&raquo; border_color=&raquo;#ffffff&raquo; border_style=&raquo;solid&raquo;]<\/p>\n<h1>Tantriske &amp; sjamanistiske arrangement Oslo<\/h1>\n<p>V\u00e5re sesjoner hjelper deg \u00e5 koble bedre med deg selv, og for \u00e5 gj\u00f8re deg i stand til \u00e5 omfavne de utfordringene og mulighetene livet ditt gir deg. Hvis du f\u00f8ler deg inspirert til \u00e5 v\u00e6re vert for en hendelse <a href=\"http:\/\/sacredcircles.fi\/nb\/kontakt\/\">kontakt Petra<\/a>, slik at hun kan designe det i henhold til det du \u00f8nsker. Noen av disse arrangementene kan gjennomf\u00f8res i din egen stue!<\/p>\n<p>[\/et_pb_text][\/et_pb_column][\/et_pb_row][\/et_pb_section][et_pb_section admin_label=&raquo;section&raquo; fullwidth=&raquo;off&raquo; specialty=&raquo;off&raquo; transparent_background=&raquo;off&raquo; background_color=&raquo;#000000&#8243; allow_player_pause=&raquo;off&raquo; inner_shadow=&raquo;off&raquo; parallax=&raquo;off&raquo; parallax_method=&raquo;off&raquo; module_id=&raquo;tantrisk-massasje-for-par&raquo; padding_mobile=&raquo;off&raquo; make_fullwidth=&raquo;off&raquo; use_custom_width=&raquo;off&raquo; width_unit=&raquo;on&raquo; make_equal=&raquo;off&raquo; use_custom_gutter=&raquo;off&raquo; gutter_width=&raquo;3&#8243;][et_pb_row admin_label=&raquo;row&raquo;][et_pb_column type=&raquo;1_3&#8243;][et_pb_image admin_label=&raquo;Image&raquo; src=&raquo;http:\/\/sacredcircles.love\/wp-content\/uploads\/2015\/07\/tantraterrace.jpg&raquo; show_in_lightbox=&raquo;on&raquo; url_new_window=&raquo;off&raquo; animation=&raquo;left&raquo; sticky=&raquo;off&raquo; alt=&raquo;Tantrisk massasje begivenhet for par Oslo&raquo; title_text=&raquo;Tantrisk massasje begivenhet for par Oslo&raquo; align=&raquo;left&raquo; force_fullwidth=&raquo;off&raquo; always_center_on_mobile=&raquo;on&raquo; use_border_color=&raquo;off&raquo; border_color=&raquo;#ffffff&raquo; border_style=&raquo;solid&raquo;] [\/et_pb_image][\/et_pb_column][et_pb_column type=&raquo;2_3&#8243;][et_pb_text admin_label=&raquo;Tantra massage workshop for couples&raquo; background_layout=&raquo;dark&raquo; text_orientation=&raquo;left&raquo; use_border_color=&raquo;off&raquo; border_color=&raquo;#ffffff&raquo; border_style=&raquo;solid&raquo; text_font_size=&raquo;14&#8243;]<\/p>\n<h2>Tantrisk massasje begivenhet for par<\/h2>\n<p>Gi hverandre en gave av tantrisk beg\u00f8ring og tilstedev\u00e6relse. En Helkropps tantra massasje med olje til hver av dere.<\/p>\n<p>Tantriske paret Petra &amp; Charlie vil skape et rom for deres hjerter og kropper, slik at de smelter sammen. Vi tilbyr dere en helt unik opplevelse som gir n\u00e6ring til og utvider forholdet. Petras mange\u00e5rige erfaring som profesjonell massasjeterapeut vil hjelpe med \u00e5 kj\u00e6rlig veilede dere p\u00e5 reisen inn i sanselig nytelse og den fantastiske oppdagelsen av din partners guddommelige kropp. Hun vil holde \u201dspace\u201d for dere, slik at dere kan fullstendig overgi dere til din kj\u00e6res ber\u00f8ring og \u00e5pne opp for dyp avslapning.<\/p>\n<p>Charlie vil by p\u00e5 sin unike og inspirerende spill og sang, for \u00e5 st\u00f8tte dere p\u00e5 denne reisen. Musikken hans er f\u00f8dt i \u00f8yeblikket og hans intensjon er \u00e5 skape et magisk felt som resonerer med hjertet.<\/p>\n<p><b>Praktisk info:<\/b>\u00a0Kom med din kj\u00e6re partner eller ta med en god venn som du kan v\u00e6re intim med. Varighet: 3-4 timer. Hvis du \u00f8nsker \u00e5 v\u00e6re vert for denne hendelsen <a href=\"http:\/\/sacredcircles.fi\/nb\/kontakt\/\">kontakt Petra<\/a>.<\/p>\n<p><b><i>&laquo;N\u00e5r du er koblet til ditt hjerte &#8211; vil alt f\u00f8lge uten anstrengelse.&raquo;<\/i><\/b><\/p>\n<p>&nbsp;<\/p>\n<p>[\/et_pb_text][\/et_pb_column][\/et_pb_row][\/et_pb_section][et_pb_section admin_label=&raquo;section&raquo; fullwidth=&raquo;off&raquo; specialty=&raquo;off&raquo; transparent_background=&raquo;off&raquo; background_color=&raquo;#000000&#8243; allow_player_pause=&raquo;off&raquo; inner_shadow=&raquo;off&raquo; parallax=&raquo;off&raquo; parallax_method=&raquo;off&raquo; module_id=&raquo;hellige-relasjonssirkler&raquo; padding_mobile=&raquo;off&raquo; make_fullwidth=&raquo;off&raquo; use_custom_width=&raquo;off&raquo; width_unit=&raquo;on&raquo; make_equal=&raquo;off&raquo; use_custom_gutter=&raquo;off&raquo; gutter_width=&raquo;3&#8243;][et_pb_row admin_label=&raquo;row&raquo;][et_pb_column type=&raquo;2_3&#8243;][et_pb_text admin_label=&raquo;Sacred Relationships Circle&raquo; background_layout=&raquo;dark&raquo; text_orientation=&raquo;left&raquo; use_border_color=&raquo;off&raquo; border_color=&raquo;#ffffff&raquo; border_style=&raquo;solid&raquo; text_font_size=&raquo;14&#8243;]<\/p>\n<h2>Hellige relasjonssirkler<\/h2>\n<p>Vi er alle p\u00e5 jakt etter de n\u00e6ringsrike m\u00f8tene med andre mennesker &#8211; virkelige m\u00f8ter der vi t\u00f8r \u00e5 g\u00e5 utover \u201dsmalltalken\u201d om hverdagen og heller dele ting som virkelig betyr noe for oss. Alt i livet er et valg.<\/p>\n<p><b><i>&laquo;Hva velger du \u00e5 fylle<\/i><\/b> <b><i>livet med?<\/i><\/b> <b><i>Et partnerskap fullt av<\/i><\/b> <b><i>\u00a0<\/i><\/b> <b><i>maktkamper eller en som gir deg den st\u00f8tten som trengs for \u00e5 co-skape de tingene du \u00f8nsker i ditt liv?<\/i><\/b> <b><i>Hvordan tiltrekke deg den &laquo;riktige&raquo; typen mennesker, folk som hjelper deg \u00e5 vokse og med hvem kan du virkelig nyte livet ditt?<\/i><\/b> <b><i>&laquo;<\/i><\/b><\/p>\n<p>Vi vil begynne med en sjamanistisk seremoni for \u00e5 skape et hellig hjerterom for \u00f8kt bevissthet, s\u00e5 vi g\u00e5r videre til spesifikke \u00f8velser designet for \u00e5 skape en dypere forbindelse mellom mennesker. Dette bygger alt inn i en delingssirkel der vi snakker om hva hellige relasjoner betyr for deg. En dyrebar tid til \u00e5 lytte og bli h\u00f8rt.<\/p>\n<p><b>Praktisk info:<\/b> Denne hendelsen er egnet for b\u00e5de enslige og par. Varighet: 3-4 timer. Hvis du \u00f8nsker \u00e5 v\u00e6re vert for denne hendelsen, <a href=\"http:\/\/sacredcircles.fi\/nb\/kontakt\/\">kontakt Petra<\/a>.<\/p>\n<p>&nbsp;<\/p>\n<p>[\/et_pb_text][\/et_pb_column][et_pb_column type=&raquo;1_3&#8243;][et_pb_image admin_label=&raquo;Image&raquo; src=&raquo;http:\/\/sacredcircles.love\/wp-content\/uploads\/2015\/02\/tantricceremony.jpg&raquo; show_in_lightbox=&raquo;on&raquo; url_new_window=&raquo;off&raquo; animation=&raquo;right&raquo; sticky=&raquo;off&raquo; alt=&raquo;Hellige relasjonssirkler&raquo; title_text=&raquo;Hellige relasjonssirkler&raquo; align=&raquo;left&raquo; force_fullwidth=&raquo;off&raquo; always_center_on_mobile=&raquo;on&raquo; use_border_color=&raquo;off&raquo; border_color=&raquo;#ffffff&raquo; border_style=&raquo;solid&raquo;] [\/et_pb_image][\/et_pb_column][\/et_pb_row][\/et_pb_section]<\/p>\n","protected":false},"excerpt":{"rendered":"<p>Tantriske &amp; sjamanistiske arrangement Oslo V\u00e5re sesjoner hjelper deg \u00e5 koble bedre med deg selv, og for \u00e5 gj\u00f8re deg i stand til \u00e5 omfavne de utfordringene og mulighetene livet ditt gir deg. Hvis du f\u00f8ler deg inspirert til \u00e5 v\u00e6re vert for en hendelse kontakt Petra, slik at hun kan designe det i henhold [&hellip;]<\/p>\n","protected":false},"author":1,"featured_media":0,"parent":0,"menu_order":0,"comment_status":"open","ping_status":"open","template":"","meta":{"_et_pb_use_builder":"on","_et_pb_old_content":"","_et_gb_content_width":"","footnotes":""},"yst_prominent_words":[],"class_list":["post-697","page","type-page","status-publish","hentry"],"_links":{"self":[{"href":"https:\/\/sacredcircles.love\/nb\/wp-json\/wp\/v2\/pages\/697","targetHints":{"allow":["GET"]}}],"collection":[{"href":"https:\/\/sacredcircles.love\/nb\/wp-json\/wp\/v2\/pages"}],"about":[{"href":"https:\/\/sacredcircles.love\/nb\/wp-json\/wp\/v2\/types\/page"}],"author":[{"embeddable":true,"href":"https:\/\/sacredcircles.love\/nb\/wp-json\/wp\/v2\/users\/1"}],"replies":[{"embeddable":true,"href":"https:\/\/sacredcircles.love\/nb\/wp-json\/wp\/v2\/comments?post=697"}],"version-history":[{"count":7,"href":"https:\/\/sacredcircles.love\/nb\/wp-json\/wp\/v2\/pages\/697\/revisions"}],"predecessor-version":[{"id":1218,"href":"https:\/\/sacredcircles.love\/nb\/wp-json\/wp\/v2\/pages\/697\/revisions\/1218"}],"wp:attachment":[{"href":"https:\/\/sacredcircles.love\/nb\/wp-json\/wp\/v2\/media?parent=697"}],"wp:term":[{"taxonomy":"yst_prominent_words","embeddable":true,"href":"https:\/\/sacredcircles.love\/nb\/wp-json\/wp\/v2\/yst_prominent_words?post=697"}],"curies":[{"name":"wp","href":"https:\/\/api.w.org\/{rel}","templated":true}]}}