{"id":372,"date":"2015-07-16T18:27:12","date_gmt":"2015-07-16T15:27:12","guid":{"rendered":"http:\/\/sacredcircles.love\/tantricevents-2\/"},"modified":"2016-04-08T09:14:01","modified_gmt":"2016-04-08T06:14:01","slug":"tantriska-shamanistiska-events","status":"publish","type":"page","link":"https:\/\/sacredcircles.love\/sv\/tantriska-shamanistiska-events\/","title":{"rendered":"Tantriska och shamanistiska events"},"content":{"rendered":"<p>[et_pb_section admin_label=&#8221;section&#8221; fullwidth=&#8221;off&#8221; specialty=&#8221;off&#8221; transparent_background=&#8221;off&#8221; background_color=&#8221;#000000&#8243; allow_player_pause=&#8221;off&#8221; inner_shadow=&#8221;off&#8221; parallax=&#8221;off&#8221; parallax_method=&#8221;off&#8221; module_id=&#8221;tantricevents&#8221;][et_pb_row admin_label=&#8221;row&#8221;][et_pb_column type=&#8221;4_4&#8243;][et_pb_text admin_label=&#8221;Text&#8221; background_layout=&#8221;dark&#8221; text_orientation=&#8221;left&#8221; text_font_size=&#8221;14&#8243; use_border_color=&#8221;off&#8221; border_color=&#8221;#ffffff&#8221; border_style=&#8221;solid&#8221;]<\/p>\n<h1>Tantriska och shamanistiska events Finland, Stockholm &amp; Oslo<\/h1>\n<p>V\u00e5ra event \u00e4r skapade f\u00f6r att hj\u00e4lpa dig att f\u00e5 b\u00e4ttre kontakt med dig sj\u00e4lv, och f\u00f6r att g\u00f6ra det l\u00e4ttare f\u00f6r dig att omfamna de utmaningar och m\u00f6jligheter som livet erbjuder dig.<\/p>\n<p>Om du k\u00e4nner dig inspirerad att vara v\u00e4rd f\u00f6r en event v\u00e4nligen <a href=\"http:\/\/sacredcircles.love\/sv\/kontakt\/\">kontakta Petra<\/a> s\u00e5 att hon kan designa det s\u00e5 att det blir vad du vill ha. Det \u00e4r m\u00f6jligt att ordna n\u00e5gra av eventen i ditt vardagsrum.<\/p>\n<p><a href=\"http:\/\/sacredcircles.love\/tantriska-och-shamanistiska-events\/#tantra-massage-par\">Tantrisk helkroppsmassage f\u00f6r par<\/a><br \/>\n<a href=\"http:\/\/sacredcircles.love\/tantriska-och-shamanistiska-events\/#yoni-lingam-massage\">Yoni &amp; Lingammassage f\u00f6r par<\/a><br \/>\n<a href=\"http:\/\/sacredcircles.love\/tantriska-och-shamanistiska-events\/#helande-partnerskaps-cirkel\">Cirkel om relationer och helande partnerskap<\/a><br \/>\n<a href=\"http:\/\/sacredcircles.love\/en\/whole-body-massage-training-in-stockholm\/\">Ny Helkroppsmassage Utbildning<\/a><\/p>\n<p>[\/et_pb_text][\/et_pb_column][\/et_pb_row][\/et_pb_section][et_pb_section admin_label=&#8221;section&#8221; fullwidth=&#8221;off&#8221; specialty=&#8221;off&#8221; transparent_background=&#8221;off&#8221; background_color=&#8221;#000000&#8243; allow_player_pause=&#8221;off&#8221; inner_shadow=&#8221;off&#8221; parallax=&#8221;off&#8221; parallax_method=&#8221;off&#8221; module_id=&#8221;tantra-massage-par&#8221; padding_mobile=&#8221;off&#8221; make_fullwidth=&#8221;off&#8221; use_custom_width=&#8221;off&#8221; width_unit=&#8221;on&#8221; make_equal=&#8221;off&#8221; use_custom_gutter=&#8221;off&#8221; gutter_width=&#8221;3&#8243;][et_pb_row admin_label=&#8221;row&#8221;][et_pb_column type=&#8221;1_3&#8243;][et_pb_image admin_label=&#8221;Image&#8221; src=&#8221;http:\/\/sacredcircles.love\/wp-content\/uploads\/2015\/07\/tantraterrace.jpg&#8221; show_in_lightbox=&#8221;on&#8221; url_new_window=&#8221;off&#8221; animation=&#8221;left&#8221; sticky=&#8221;off&#8221; alt=&#8221;Helkropps tantra massage f\u00f6r par&#8221; title_text=&#8221;Tantra massage workshop for couples&#8221; align=&#8221;left&#8221; force_fullwidth=&#8221;off&#8221; always_center_on_mobile=&#8221;on&#8221; use_border_color=&#8221;off&#8221; border_color=&#8221;#ffffff&#8221; border_style=&#8221;solid&#8221;] [\/et_pb_image][\/et_pb_column][et_pb_column type=&#8221;2_3&#8243;][et_pb_text admin_label=&#8221;Helkropps tantra massage f\u00f6r par&#8221; background_layout=&#8221;dark&#8221; text_orientation=&#8221;left&#8221; use_border_color=&#8221;off&#8221; border_color=&#8221;#ffffff&#8221; border_style=&#8221;solid&#8221; text_font_size=&#8221;14&#8243;]<\/p>\n<h2>Helkropps tantra massage f\u00f6r par<\/h2>\n<p><b>En workshop d\u00e4r ni f\u00e5r l\u00e4ra er att ge till varandra en sensuell helkropps tantramassage med olja.<\/b><\/p>\n<p>Tantriska paret Petra &amp; Charlie skapar ett rum s\u00e5 att era hj\u00e4rtan och kroppar f\u00e5r m\u00f6jlighet att sm\u00e4lta. Vi erbjuder er en unik erfarenhet att f\u00f6rdjupa och och n\u00e4ra er relation.<\/p>\n<p>Med sin l\u00e5nga erfarenhet som professionell massage terapeut kommer Petra att k\u00e4rleksfullt guida er p\u00e5 en resa till sensuell njutning och underbart uppt\u00e4cka din partners gudomliga kropp. Hon kommer att h\u00e5lla rummet f\u00f6r er s\u00e5 att du fullst\u00e4ndigt kan h\u00e4nge dig till din \u00e4lskades ber\u00f6ring och \u00f6ppna upp f\u00f6r en djup avslappning.<\/p>\n<p>Charlie erbjuder sin unika inspirerande musik f\u00f6r att st\u00f6da er p\u00e5 er resa. Hans musik f\u00f6ds i stunden och hans intention \u00e4r att skapa ett magiskt f\u00e4lt som \u00e4r i resonans med hj\u00e4rtat.<\/p>\n<p><b>Praktisk info:<\/b> Kom med din partner,din \u00e4lskade eller med en god v\u00e4n som du g\u00e4rna delar intimitet med.<\/p>\n<p>Tid: 3-4 timmar. Minsta antal deltagare: 3 par<\/p>\n<p>Om du vill vara v\u00e4rd f\u00f6r en workshop <a href=\"http:\/\/sacredcircles.love\/sv\/kontakt\/\">kontakta Petra<\/a>.<\/p>\n<p><b><i>\u201c N\u00e4r du \u00e4r i kontakt med ditt hj\u00e4rta \u2013 sker allt med l\u00e4tthet \u201d<\/i><\/b><\/p>\n<p>&nbsp;<\/p>\n<p>[\/et_pb_text][\/et_pb_column][\/et_pb_row][\/et_pb_section][et_pb_section admin_label=&#8221;section&#8221; fullwidth=&#8221;off&#8221; specialty=&#8221;off&#8221; transparent_background=&#8221;off&#8221; background_color=&#8221;#000000&#8243; allow_player_pause=&#8221;off&#8221; inner_shadow=&#8221;off&#8221; parallax=&#8221;off&#8221; parallax_method=&#8221;off&#8221; module_id=&#8221;yoni-lingam-massage&#8221; padding_mobile=&#8221;off&#8221; make_fullwidth=&#8221;off&#8221; use_custom_width=&#8221;off&#8221; width_unit=&#8221;on&#8221; make_equal=&#8221;off&#8221; use_custom_gutter=&#8221;off&#8221; gutter_width=&#8221;3&#8243;][et_pb_row admin_label=&#8221;row&#8221;][et_pb_column type=&#8221;2_3&#8243;][et_pb_text admin_label=&#8221;Yoni och Lingammassage f\u00f6r par&#8221; background_layout=&#8221;dark&#8221; text_orientation=&#8221;left&#8221; use_border_color=&#8221;off&#8221; border_color=&#8221;#ffffff&#8221; border_style=&#8221;solid&#8221; text_font_size=&#8221;14&#8243;]<\/p>\n<h2>Yoni och Lingammassage\u00a0<span style=\"line-height: 1em;\">f\u00f6r par<\/span><\/h2>\n<p><b>Ge varandra g\u00e5van av tantrisk ber\u00f6ring och n\u00e4rvaro!<\/b><\/p>\n<p>F\u00f6r er som vill ta steget vidare och ytterligare f\u00f6rdjupa och n\u00e4ra er relation.<\/p>\n<p>Tantriska paret Petra &amp; Charlie skapar ett rum s\u00e5 att era hj\u00e4rtan och kroppar f\u00e5r m\u00f6jlighet att sm\u00e4lta. Med sin l\u00e5nga erfarenhet som professionell massage terapeut kommer Petra att k\u00e4rleksfullt guida er p\u00e5 en resa till sensuell njutning och underbart uppt\u00e4cka din partners gudomliga kropp. Hon kommer att h\u00e5lla rummet f\u00f6r er s\u00e5 att du fullst\u00e4ndigt kan h\u00e4nge dig till din \u00e4lskades ber\u00f6ring och \u00f6ppna upp f\u00f6r en djup avslappning.<\/p>\n<p>Charlie erbjuder sin unika inspirerande musik f\u00f6r att st\u00f6da er p\u00e5 er resa. Hans musik f\u00f6ds i stunden och hans intention \u00e4r att skapa ett magiskt f\u00e4lt som \u00e4r i resonans med hj\u00e4rtat.<\/p>\n<p><b>Praktisk info:<\/b> Kom med din partner,din \u00e4lskade eller med en god v\u00e4n som du g\u00e4rna delar intimitet med.<\/p>\n<p>Tid: 3-4 timmar. Minsta antal deltagare: 3 par<\/p>\n<p>Om du vill vara v\u00e4rd f\u00f6r en workshop <a href=\"http:\/\/sacredcircles.love\/sv\/kontakt\/\">kontakta Petra<\/a>.<\/p>\n<p><b><i>\u201c N\u00e4r du \u00e4r i kontakt med ditt hj\u00e4rta \u2013 sker allt med l\u00e4tthet \u201d<\/i><\/b><\/p>\n<p>&nbsp;<\/p>\n<p>[\/et_pb_text][\/et_pb_column][et_pb_column type=&#8221;1_3&#8243;][et_pb_image admin_label=&#8221;Image&#8221; src=&#8221;http:\/\/sacredcircles.love\/wp-content\/uploads\/2015\/07\/cave2.jpg&#8221; show_in_lightbox=&#8221;on&#8221; url_new_window=&#8221;off&#8221; animation=&#8221;left&#8221; sticky=&#8221;off&#8221; alt=&#8221;Yoni och Lingammassage f\u00f6r par&#8221; title_text=&#8221;Yoni och Lingammassage f\u00f6r par&#8221; align=&#8221;left&#8221; force_fullwidth=&#8221;off&#8221; always_center_on_mobile=&#8221;on&#8221; use_border_color=&#8221;off&#8221; border_color=&#8221;#ffffff&#8221; border_style=&#8221;solid&#8221;] [\/et_pb_image][\/et_pb_column][\/et_pb_row][\/et_pb_section][et_pb_section admin_label=&#8221;section&#8221; fullwidth=&#8221;off&#8221; specialty=&#8221;off&#8221; transparent_background=&#8221;off&#8221; background_color=&#8221;#000000&#8243; allow_player_pause=&#8221;off&#8221; inner_shadow=&#8221;off&#8221; parallax=&#8221;off&#8221; parallax_method=&#8221;off&#8221; module_id=&#8221;helande-partnerskaps-cirkel&#8221; padding_mobile=&#8221;off&#8221; make_fullwidth=&#8221;off&#8221; use_custom_width=&#8221;off&#8221; width_unit=&#8221;on&#8221; make_equal=&#8221;off&#8221; use_custom_gutter=&#8221;off&#8221; gutter_width=&#8221;3&#8243;][et_pb_row admin_label=&#8221;row&#8221;][et_pb_column type=&#8221;1_3&#8243;][et_pb_image admin_label=&#8221;Image&#8221; src=&#8221;http:\/\/sacredcircles.love\/wp-content\/uploads\/2015\/02\/tantricceremony.jpg&#8221; show_in_lightbox=&#8221;on&#8221; url_new_window=&#8221;off&#8221; animation=&#8221;right&#8221; sticky=&#8221;off&#8221; alt=&#8221;Sacred Relationships Circle&#8221; title_text=&#8221;Sacred Relationships Circle&#8221; align=&#8221;left&#8221; force_fullwidth=&#8221;off&#8221; always_center_on_mobile=&#8221;on&#8221; use_border_color=&#8221;off&#8221; border_color=&#8221;#ffffff&#8221; border_style=&#8221;solid&#8221;] [\/et_pb_image][\/et_pb_column][et_pb_column type=&#8221;2_3&#8243;][et_pb_text admin_label=&#8221;Cirkel om relationer och helande partnerskap&#8221; background_layout=&#8221;dark&#8221; text_orientation=&#8221;left&#8221; use_border_color=&#8221;off&#8221; border_color=&#8221;#ffffff&#8221; border_style=&#8221;solid&#8221; text_font_size=&#8221;14&#8243;]<\/p>\n<h2>Cirkel om relationer och helande partnerskap<\/h2>\n<p>De flesta av oss s\u00f6ker n\u00e4rande m\u00f6ten med andra m\u00e4nniskor \u2013 riktiga m\u00f6ten d\u00e4r vi v\u00e5gar att g\u00e5 bortom det vanliga sm\u00e5pratet och dela med oss av s\u00e5dana saker som verkligen betyder n\u00e5got f\u00f6r oss. Allting i livet \u00e4r ett val.<\/p>\n<p><b><i>\u201c Vad v\u00e4ljer du att fylla ditt liv med? En relation fylld med maktkamper eller ett partnerskap som ger dig det st\u00f6d och den kraft som beh\u00f6vs f\u00f6r att kunna skapa det du vill ha i ditt liv? Hur attraherar du den sortens m\u00e4nniskor till ditt liv som hj\u00e4lper dig att v\u00e4xa och s\u00e5dana som du verkligen njuter av ditt liv tillsammans med? \u201d<\/i><\/b><\/p>\n<p>Vi startar med en trumceremoni f\u00f6r att skapa ett hj\u00e4rtrum som \u00f6kar n\u00e4rvaron och h\u00f6jer medvetandeniv\u00e5n. Vi forts\u00e4tter med \u00f6vningar som hj\u00e4lper till att f\u00f6rdjupa kontakten mellan m\u00e4nniskor. S\u00e5 g\u00f6r vi en hj\u00e4rtcirkel d\u00e4r vi alla pratar om vad ett helande partnerskap \u00e4r f\u00f6r just dig. En v\u00e4rdefull tid att lyssna p\u00e5 andra och sj\u00e4lv bli h\u00f6rd.<\/p>\n<p><b>Praktisk information:<\/b> Den h\u00e4r eventen l\u00e4mpar sig f\u00f6r b\u00e5de singlar och par. Tid: 3-4t. Deltagareantal: Minst 6 personer.<\/p>\n<p>Om du vill vara v\u00e4rd f\u00f6r denna event <a href=\"http:\/\/sacredcircles.love\/sv\/kontakt\/\">kontakta Petra<\/a>.<\/p>\n<p>&nbsp;<\/p>\n<p>[\/et_pb_text][\/et_pb_column][\/et_pb_row][\/et_pb_section]<\/p>\n","protected":false},"excerpt":{"rendered":"<p>Tantriska och shamanistiska events Finland, Stockholm &amp; Oslo V\u00e5ra event \u00e4r skapade f\u00f6r att hj\u00e4lpa dig att f\u00e5 b\u00e4ttre kontakt med dig sj\u00e4lv, och f\u00f6r att g\u00f6ra det l\u00e4ttare f\u00f6r dig att omfamna de utmaningar och m\u00f6jligheter som livet erbjuder dig. Om du k\u00e4nner dig inspirerad att vara v\u00e4rd f\u00f6r en event v\u00e4nligen kontakta Petra [&hellip;]<\/p>\n","protected":false},"author":1,"featured_media":0,"parent":0,"menu_order":0,"comment_status":"open","ping_status":"open","template":"","meta":{"_et_pb_use_builder":"on","_et_pb_old_content":"","_et_gb_content_width":"","footnotes":""},"yst_prominent_words":[],"class_list":["post-372","page","type-page","status-publish","hentry"],"_links":{"self":[{"href":"https:\/\/sacredcircles.love\/sv\/wp-json\/wp\/v2\/pages\/372","targetHints":{"allow":["GET"]}}],"collection":[{"href":"https:\/\/sacredcircles.love\/sv\/wp-json\/wp\/v2\/pages"}],"about":[{"href":"https:\/\/sacredcircles.love\/sv\/wp-json\/wp\/v2\/types\/page"}],"author":[{"embeddable":true,"href":"https:\/\/sacredcircles.love\/sv\/wp-json\/wp\/v2\/users\/1"}],"replies":[{"embeddable":true,"href":"https:\/\/sacredcircles.love\/sv\/wp-json\/wp\/v2\/comments?post=372"}],"version-history":[{"count":20,"href":"https:\/\/sacredcircles.love\/sv\/wp-json\/wp\/v2\/pages\/372\/revisions"}],"predecessor-version":[{"id":1217,"href":"https:\/\/sacredcircles.love\/sv\/wp-json\/wp\/v2\/pages\/372\/revisions\/1217"}],"wp:attachment":[{"href":"https:\/\/sacredcircles.love\/sv\/wp-json\/wp\/v2\/media?parent=372"}],"wp:term":[{"taxonomy":"yst_prominent_words","embeddable":true,"href":"https:\/\/sacredcircles.love\/sv\/wp-json\/wp\/v2\/yst_prominent_words?post=372"}],"curies":[{"name":"wp","href":"https:\/\/api.w.org\/{rel}","templated":true}]}}